{"id":2353,"date":"2025-07-16T16:02:04","date_gmt":"2025-07-16T14:02:04","guid":{"rendered":"https:\/\/pitzekind.com\/?page_id=2353"},"modified":"2025-08-08T09:42:28","modified_gmt":"2025-08-08T07:42:28","slug":"events-hochzeitsdj-muenchen","status":"publish","type":"page","link":"https:\/\/pitzekind.com\/en\/events-hochzeitsdj-muenchen\/","title":{"rendered":"Events"},"content":{"rendered":"<div data-elementor-type=\"wp-page\" data-elementor-id=\"2353\" class=\"elementor elementor-2353\">\n\t\t\t\t\t\t<section class=\"elementor-section elementor-top-section elementor-element elementor-element-96c7d45 elementor-section-items-bottom elementor-section-content-space-evenly elementor-section-full_width elementor-section-height-full elementor-section-height-default\" data-id=\"96c7d45\" data-element_type=\"section\" data-settings=\"{&quot;background_background&quot;:&quot;classic&quot;}\">\n\t\t\t\t\t\t\t<div class=\"elementor-background-overlay\"><\/div>\n\t\t\t\t\t\t\t<div class=\"elementor-container elementor-column-gap-no\">\n\t\t\t\t\t<div class=\"elementor-column elementor-col-100 elementor-top-column elementor-element elementor-element-25cfc78\" data-id=\"25cfc78\" data-element_type=\"column\">\n\t\t\t<div class=\"elementor-widget-wrap elementor-element-populated\">\n\t\t\t\t\t\t<div class=\"elementor-element elementor-element-a897d05 elementor-widget__width-inherit elementor-absolute elementor-widget elementor-widget-heading\" data-id=\"a897d05\" data-element_type=\"widget\" data-settings=\"{&quot;_position&quot;:&quot;absolute&quot;}\" data-widget_type=\"heading.default\">\n\t\t\t\t<div class=\"elementor-widget-container\">\n\t\t\t<style>\/*! elementor - v3.19.0 - 28-02-2024 *\/\n.elementor-heading-title{padding:0;margin:0;line-height:1}.elementor-widget-heading .elementor-heading-title[class*=elementor-size-]>a{color:inherit;font-size:inherit;line-height:inherit}.elementor-widget-heading .elementor-heading-title.elementor-size-small{font-size:15px}.elementor-widget-heading .elementor-heading-title.elementor-size-medium{font-size:19px}.elementor-widget-heading .elementor-heading-title.elementor-size-large{font-size:29px}.elementor-widget-heading .elementor-heading-title.elementor-size-xl{font-size:39px}.elementor-widget-heading .elementor-heading-title.elementor-size-xxl{font-size:59px}<\/style><h1 class=\"elementor-heading-title elementor-size-default\">Events<\/h1>\t\t<\/div>\n\t\t\t\t<\/div>\n\t\t\t\t\t<\/div>\n\t\t<\/div>\n\t\t\t\t\t<\/div>\n\t\t<\/section>\n\t\t\t\t<section class=\"elementor-section elementor-top-section elementor-element elementor-element-9bc5cc7 elementor-section-boxed elementor-section-height-default elementor-section-height-default\" data-id=\"9bc5cc7\" data-element_type=\"section\">\n\t\t\t\t\t\t<div class=\"elementor-container elementor-column-gap-default\">\n\t\t\t\t\t<div class=\"elementor-column elementor-col-100 elementor-top-column elementor-element elementor-element-624f6d9\" data-id=\"624f6d9\" data-element_type=\"column\">\n\t\t\t<div class=\"elementor-widget-wrap elementor-element-populated\">\n\t\t\t\t\t\t<section class=\"elementor-section elementor-inner-section elementor-element elementor-element-84c3510 elementor-section-boxed elementor-section-height-default elementor-section-height-default\" data-id=\"84c3510\" data-element_type=\"section\">\n\t\t\t\t\t\t<div class=\"elementor-container elementor-column-gap-default\">\n\t\t\t\t\t<div class=\"elementor-column elementor-col-50 elementor-inner-column elementor-element elementor-element-3168dbc\" data-id=\"3168dbc\" data-element_type=\"column\">\n\t\t\t<div class=\"elementor-widget-wrap elementor-element-populated\">\n\t\t\t\t\t\t<div class=\"elementor-element elementor-element-3995a6c elementor-widget elementor-widget-heading\" data-id=\"3995a6c\" data-element_type=\"widget\" data-widget_type=\"heading.default\">\n\t\t\t\t<div class=\"elementor-widget-container\">\n\t\t\t<h2 class=\"elementor-heading-title elementor-size-default\">Pitzekind<\/h2>\t\t<\/div>\n\t\t\t\t<\/div>\n\t\t\t\t<div class=\"elementor-element elementor-element-38026b5 elementor-widget elementor-widget-text-editor\" data-id=\"38026b5\" data-element_type=\"widget\" data-widget_type=\"text-editor.default\">\n\t\t\t\t<div class=\"elementor-widget-container\">\n\t\t\t<style>\/*! elementor - v3.19.0 - 28-02-2024 *\/\n.elementor-widget-text-editor.elementor-drop-cap-view-stacked .elementor-drop-cap{background-color:#69727d;color:#fff}.elementor-widget-text-editor.elementor-drop-cap-view-framed .elementor-drop-cap{color:#69727d;border:3px solid;background-color:transparent}.elementor-widget-text-editor:not(.elementor-drop-cap-view-default) .elementor-drop-cap{margin-top:8px}.elementor-widget-text-editor:not(.elementor-drop-cap-view-default) .elementor-drop-cap-letter{width:1em;height:1em}.elementor-widget-text-editor .elementor-drop-cap{float:left;text-align:center;line-height:1;font-size:50px}.elementor-widget-text-editor .elementor-drop-cap-letter{display:inline-block}<\/style>\t\t\t\t<h5 style=\"text-align: center;\">CLUB. FESTIVAL. PRIVATE EVENTS. WEDDINGS. INTERNATIONAL CLASS.<\/h5>\t\t\t\t\t\t<\/div>\n\t\t\t\t<\/div>\n\t\t\t\t<div class=\"elementor-element elementor-element-d0ecea9 elementor-widget elementor-widget-text-editor\" data-id=\"d0ecea9\" data-element_type=\"widget\" data-widget_type=\"text-editor.default\">\n\t\t\t\t<div class=\"elementor-widget-container\">\n\t\t\t\t\t\t\t<h5 style=\"text-align: center;\">PITZEKIND stands for first-class sound, uncompromising quality and international performance at the highest level.<br \/>With a musical signature that ranges from classics to disco house and modern beats, he gets people moving \u2013 with a feel for the moment, perfect sound design and a charisma that works.<\/h5>\t\t\t\t\t\t<\/div>\n\t\t\t\t<\/div>\n\t\t\t\t<div class=\"elementor-element elementor-element-8dff4d5 elementor-widget elementor-widget-text-editor\" data-id=\"8dff4d5\" data-element_type=\"widget\" data-widget_type=\"text-editor.default\">\n\t\t\t\t<div class=\"elementor-widget-container\">\n\t\t\t\t\t\t\t<p style=\"text-align: left;\">Whether it's a festival stage, a club night, or an exclusive private event \u2013 Pitzekind doesn't deliver a run-of-the-mill set, but rather a musical experience with style and substance.<\/p><p style=\"text-align: left;\">Formats: Club shows, boutique festivals, high-end private events, destination weddings, corporate premium events<\/p><p style=\"text-align: left;\">Sound: musically curated \u2013 groovy, uplifting, elegant, danceable<\/p><p style=\"text-align: left;\">Tonality: international, sophisticated, energetic \u2013 without mainstream clich\u00e9s<\/p>\t\t\t\t\t\t<\/div>\n\t\t\t\t<\/div>\n\t\t\t\t\t<\/div>\n\t\t<\/div>\n\t\t\t\t<div class=\"elementor-column elementor-col-50 elementor-inner-column elementor-element elementor-element-1470d29\" data-id=\"1470d29\" data-element_type=\"column\">\n\t\t\t<div class=\"elementor-widget-wrap elementor-element-populated\">\n\t\t\t\t\t\t<div class=\"elementor-element elementor-element-e74051f elementor-widget elementor-widget-image\" data-id=\"e74051f\" data-element_type=\"widget\" data-widget_type=\"image.default\">\n\t\t\t\t<div class=\"elementor-widget-container\">\n\t\t\t<style>\/*! elementor - v3.19.0 - 28-02-2024 *\/\n.elementor-widget-image{text-align:center}.elementor-widget-image a{display:inline-block}.elementor-widget-image a img[src$=\".svg\"]{width:48px}.elementor-widget-image img{vertical-align:middle;display:inline-block}<\/style>\t\t\t\t\t\t\t\t\t\t<img fetchpriority=\"high\" decoding=\"async\" width=\"768\" height=\"1024\" src=\"https:\/\/pitzekind.com\/wp-content\/uploads\/2025\/07\/20250705_195318-768x1024.jpg\" class=\"attachment-large size-large wp-image-2356\" alt=\"Hochzeits DJ M\u00fcnchen\" srcset=\"https:\/\/pitzekind.com\/wp-content\/uploads\/2025\/07\/20250705_195318-768x1024.jpg 768w, https:\/\/pitzekind.com\/wp-content\/uploads\/2025\/07\/20250705_195318-225x300.jpg 225w, https:\/\/pitzekind.com\/wp-content\/uploads\/2025\/07\/20250705_195318-1152x1536.jpg 1152w, https:\/\/pitzekind.com\/wp-content\/uploads\/2025\/07\/20250705_195318-1536x2048.jpg 1536w, https:\/\/pitzekind.com\/wp-content\/uploads\/2025\/07\/20250705_195318-scaled.jpg 1920w\" sizes=\"(max-width: 768px) 100vw, 768px\" \/>\t\t\t\t\t\t\t\t\t\t\t\t\t<\/div>\n\t\t\t\t<\/div>\n\t\t\t\t\t<\/div>\n\t\t<\/div>\n\t\t\t\t\t<\/div>\n\t\t<\/section>\n\t\t\t\t<div class=\"elementor-element elementor-element-d77d20e elementor-widget elementor-widget-spacer\" data-id=\"d77d20e\" data-element_type=\"widget\" data-widget_type=\"spacer.default\">\n\t\t\t\t<div class=\"elementor-widget-container\">\n\t\t\t<style>\/*! elementor - v3.19.0 - 28-02-2024 *\/\n.elementor-column .elementor-spacer-inner{height:var(--spacer-size)}.e-con{--container-widget-width:100%}.e-con-inner>.elementor-widget-spacer,.e-con>.elementor-widget-spacer{width:var(--container-widget-width,var(--spacer-size));--align-self:var(--container-widget-align-self,initial);--flex-shrink:0}.e-con-inner>.elementor-widget-spacer>.elementor-widget-container,.e-con>.elementor-widget-spacer>.elementor-widget-container{height:100%;width:100%}.e-con-inner>.elementor-widget-spacer>.elementor-widget-container>.elementor-spacer,.e-con>.elementor-widget-spacer>.elementor-widget-container>.elementor-spacer{height:100%}.e-con-inner>.elementor-widget-spacer>.elementor-widget-container>.elementor-spacer>.elementor-spacer-inner,.e-con>.elementor-widget-spacer>.elementor-widget-container>.elementor-spacer>.elementor-spacer-inner{height:var(--container-widget-height,var(--spacer-size))}.e-con-inner>.elementor-widget-spacer.elementor-widget-empty,.e-con>.elementor-widget-spacer.elementor-widget-empty{position:relative;min-height:22px;min-width:22px}.e-con-inner>.elementor-widget-spacer.elementor-widget-empty .elementor-widget-empty-icon,.e-con>.elementor-widget-spacer.elementor-widget-empty .elementor-widget-empty-icon{position:absolute;top:0;bottom:0;left:0;right:0;margin:auto;padding:0;width:22px;height:22px}<\/style>\t\t<div class=\"elementor-spacer\">\n\t\t\t<div class=\"elementor-spacer-inner\"><\/div>\n\t\t<\/div>\n\t\t\t\t<\/div>\n\t\t\t\t<\/div>\n\t\t\t\t<div class=\"elementor-element elementor-element-9d78c27 elementor-widget elementor-widget-text-editor\" data-id=\"9d78c27\" data-element_type=\"widget\" data-widget_type=\"text-editor.default\">\n\t\t\t\t<div class=\"elementor-widget-container\">\n\t\t\t\t\t\t\t<p>\u00a0<\/p><h5 style=\"text-align: center;\">INTERNATIONAL EXPERIENCE<\/h5><p style=\"text-align: center;\">Live in Charleston (USA), Florida, Atlanta, Edinburgh, Athens, Munich, Vienna, and many more.\u202fm.<br \/>Booked by Microsoft, Amazon, Mercedes Benz, Douglas, ... as well as for selected private celebrations and international weddings.<br \/>Tour DJ of Max the Sax (Electro Swing\/Iconic Live Sax Show)<br \/>Personal exchange with house icon Mousse T. \u2013 directly in the studio, at eye level.<br \/><br \/><\/p><p>WHAT MAKES PITZEKIND SPECIAL<\/p><ul style=\"text-align: left;\"><li>Technical precision, no gimmick<\/li><li>Excellent music selection \u2013 stylish and captivating<\/li><li>International sound, clear musical standards<\/li><li>Mood building with dramatic sensitivity<br \/><br \/><br \/><\/li><\/ul><p style=\"text-align: center;\">Reliable, discreet, professional<br \/><br \/><br \/><br \/><\/p><h5 style=\"text-align: center;\">FOR WEDDINGS WITH STYLE AND PEACE IN THE HEART<\/h5><p style=\"text-align: left;\">Pitzekind accompanies high-quality weddings worldwide \u2013 for couples who aren't looking for just any DJ, but one they can rely on: musically, personally, and organizationally.<\/p><p style=\"text-align: left;\">He takes care of the entire musical experience \u2013 from the reception to the dance floor. With style, personality, and an open ear for your wishes. Whether in Vienna, Mallorca, or Athens \u2013 with Pitzekind, music remains a highlight, not a risk.<\/p><p style=\"text-align: left;\">Music for the outdoor wedding ceremony, stylish accompaniment to dinner, elegant party atmosphere until late into the night<\/p><p style=\"text-align: left;\">Personal preparation, coordinated technology &amp; professional communication<br \/>Experience with international guests, multilingual processes and different cultural music requests.<br \/><br \/><br \/><br \/><\/p><h6 style=\"text-align: center;\">\"He was there before we needed him. And he played when we thought things couldn't get any better.\"<br \/>\u2013 Julia &amp; Leandro, wedding in Athens<\/h6>\t\t\t\t\t\t<\/div>\n\t\t\t\t<\/div>\n\t\t\t\t<div class=\"elementor-element elementor-element-452f1a9 elementor-widget elementor-widget-spacer\" data-id=\"452f1a9\" data-element_type=\"widget\" data-widget_type=\"spacer.default\">\n\t\t\t\t<div class=\"elementor-widget-container\">\n\t\t\t\t\t<div class=\"elementor-spacer\">\n\t\t\t<div class=\"elementor-spacer-inner\"><\/div>\n\t\t<\/div>\n\t\t\t\t<\/div>\n\t\t\t\t<\/div>\n\t\t\t\t<div class=\"elementor-element elementor-element-f60d13f elementor-align-center elementor-widget elementor-widget-button\" data-id=\"f60d13f\" data-element_type=\"widget\" data-widget_type=\"button.default\">\n\t\t\t\t<div class=\"elementor-widget-container\">\n\t\t\t\t\t<div class=\"elementor-button-wrapper\">\n\t\t\t<a class=\"elementor-button elementor-button-link elementor-size-md\" href=\"https:\/\/pitzekind.com\/en\/kontakt\/\" target=\"_blank\">\n\t\t\t\t\t\t<span class=\"elementor-button-content-wrapper\">\n\t\t\t\t\t\t<span class=\"elementor-button-icon elementor-align-icon-left\">\n\t\t\t\t<i aria-hidden=\"true\" class=\"far fa-calendar-alt\"><\/i>\t\t\t<\/span>\n\t\t\t\t\t\t<span class=\"elementor-button-text\">Book Now<\/span>\n\t\t<\/span>\n\t\t\t\t\t<\/a>\n\t\t<\/div>\n\t\t\t\t<\/div>\n\t\t\t\t<\/div>\n\t\t\t\t<div class=\"elementor-element elementor-element-dc44708 elementor-widget elementor-widget-spacer\" data-id=\"dc44708\" data-element_type=\"widget\" data-widget_type=\"spacer.default\">\n\t\t\t\t<div class=\"elementor-widget-container\">\n\t\t\t\t\t<div class=\"elementor-spacer\">\n\t\t\t<div class=\"elementor-spacer-inner\"><\/div>\n\t\t<\/div>\n\t\t\t\t<\/div>\n\t\t\t\t<\/div>\n\t\t\t\t\t<\/div>\n\t\t<\/div>\n\t\t\t\t\t<\/div>\n\t\t<\/section>\n\t\t\t\t<\/div>","protected":false},"excerpt":{"rendered":"<p>Events Pitzekind CLUB. FESTIVAL. PRIVATE EVENTS. WEDDINGS. INTERNATIONAL CLASS. PITZEKIND steht f\u00fcr erstklassigen Sound, kompromisslose Qualit\u00e4t und internationale Performance auf h\u00f6chstem Niveau.Mit einer musikalischen Handschrift zwischen Classics, Disco House und modernen Beats bringt er Menschen in Bewegung \u2013 mit Gef\u00fchl f\u00fcr den Moment, perfektem Sounddesign und einer Ausstrahlung, die wirkt. Ob Festivalb\u00fchne, Clubnacht oder exklusives [&hellip;]<\/p>","protected":false},"author":1,"featured_media":0,"parent":0,"menu_order":0,"comment_status":"closed","ping_status":"closed","template":"","meta":{"site-sidebar-layout":"no-sidebar","site-content-layout":"page-builder","ast-site-content-layout":"full-width-container","site-content-style":"unboxed","site-sidebar-style":"unboxed","ast-global-header-display":"","ast-banner-title-visibility":"","ast-main-header-display":"","ast-hfb-above-header-display":"","ast-hfb-below-header-display":"","ast-hfb-mobile-header-display":"","site-post-title":"disabled","ast-breadcrumbs-content":"disabled","ast-featured-img":"disabled","footer-sml-layout":"","theme-transparent-header-meta":"enabled","adv-header-id-meta":"","stick-header-meta":"","header-above-stick-meta":"","header-main-stick-meta":"","header-below-stick-meta":"","astra-migrate-meta-layouts":"set","ast-page-background-enabled":"default","ast-page-background-meta":{"desktop":{"background-color":"","background-image":"","background-repeat":"repeat","background-position":"center center","background-size":"auto","background-attachment":"scroll","background-type":"","background-media":"","overlay-type":"","overlay-color":"","overlay-gradient":""},"tablet":{"background-color":"","background-image":"","background-repeat":"repeat","background-position":"center center","background-size":"auto","background-attachment":"scroll","background-type":"","background-media":"","overlay-type":"","overlay-color":"","overlay-gradient":""},"mobile":{"background-color":"","background-image":"","background-repeat":"repeat","background-position":"center center","background-size":"auto","background-attachment":"scroll","background-type":"","background-media":"","overlay-type":"","overlay-color":"","overlay-gradient":""}},"ast-content-background-meta":{"desktop":{"background-color":"var(--ast-global-color-5)","background-image":"","background-repeat":"repeat","background-position":"center center","background-size":"auto","background-attachment":"scroll","background-type":"","background-media":"","overlay-type":"","overlay-color":"","overlay-gradient":""},"tablet":{"background-color":"var(--ast-global-color-5)","background-image":"","background-repeat":"repeat","background-position":"center center","background-size":"auto","background-attachment":"scroll","background-type":"","background-media":"","overlay-type":"","overlay-color":"","overlay-gradient":""},"mobile":{"background-color":"var(--ast-global-color-5)","background-image":"","background-repeat":"repeat","background-position":"center center","background-size":"auto","background-attachment":"scroll","background-type":"","background-media":"","overlay-type":"","overlay-color":"","overlay-gradient":""}},"footnotes":""},"class_list":["post-2353","page","type-page","status-publish","hentry"],"_links":{"self":[{"href":"https:\/\/pitzekind.com\/en\/wp-json\/wp\/v2\/pages\/2353","targetHints":{"allow":["GET"]}}],"collection":[{"href":"https:\/\/pitzekind.com\/en\/wp-json\/wp\/v2\/pages"}],"about":[{"href":"https:\/\/pitzekind.com\/en\/wp-json\/wp\/v2\/types\/page"}],"author":[{"embeddable":true,"href":"https:\/\/pitzekind.com\/en\/wp-json\/wp\/v2\/users\/1"}],"replies":[{"embeddable":true,"href":"https:\/\/pitzekind.com\/en\/wp-json\/wp\/v2\/comments?post=2353"}],"version-history":[{"count":0,"href":"https:\/\/pitzekind.com\/en\/wp-json\/wp\/v2\/pages\/2353\/revisions"}],"wp:attachment":[{"href":"https:\/\/pitzekind.com\/en\/wp-json\/wp\/v2\/media?parent=2353"}],"curies":[{"name":"wp","href":"https:\/\/api.w.org\/{rel}","templated":true}]}}